{"id":2,"date":"2025-02-28T02:45:09","date_gmt":"2025-02-28T02:45:09","guid":{"rendered":"https:\/\/purple-marten-843884.hostingersite.com\/?page_id=2"},"modified":"2025-04-03T02:04:19","modified_gmt":"2025-04-03T08:04:19","slug":"transparencia","status":"publish","type":"page","link":"https:\/\/san-andres-dinicuiti.org\/hello-world\/transparencia\/","title":{"rendered":"TRANSPARENCIA"},"content":{"rendered":"\n<p class=\"has-medium-font-size\"><strong>La Ley de Transparencia, Acceso a la Informaci\u00f3n P\u00fablica y Rendici\u00f3n de Cuentas de la Ciudad de M\u00e9xico<\/strong>, determina que toda la informaci\u00f3n generada, obtenida, adquirida, transformada o en posesi\u00f3n de los Sujetos Obligados es p\u00fablica y ser\u00e1 accesible a cualquier persona.<\/p>\n\n\n\n<p class=\"has-medium-font-size\">Este sitio, hace part\u00edcipes a las ciudadanas y los ciudadanos a ejercer su derecho de acceso a la informaci\u00f3n p\u00fablica. Les da a conocer los temas, documentos y pol\u00edticas que es competente de los Sujeto Obligados.<\/p>\n\n\n\n<p>Puedes consultar los Datos de tu inter\u00e9s en La plataforma nacional de Transparencia, en el Siguiente enlace.<\/p>\n\n\n\n<figure class=\"wp-block-image aligncenter size-large is-resized\"><a href=\"https:\/\/consultapublicamx.plataformadetransparencia.org.mx\/vut-web\/faces\/view\/consultaPublica.xhtml#sujetosObligados\"><img loading=\"lazy\" decoding=\"async\" width=\"1024\" height=\"182\" src=\"https:\/\/san-andres-dinicuiti.org\/wp-content\/uploads\/2025\/03\/transparecia-logo-1024x182.png\" alt=\"\" class=\"wp-image-3326\" style=\"width:623px;height:auto\" srcset=\"https:\/\/san-andres-dinicuiti.org\/wp-content\/uploads\/2025\/03\/transparecia-logo-1024x182.png 1024w, https:\/\/san-andres-dinicuiti.org\/wp-content\/uploads\/2025\/03\/transparecia-logo-300x53.png 300w, https:\/\/san-andres-dinicuiti.org\/wp-content\/uploads\/2025\/03\/transparecia-logo-768x137.png 768w, https:\/\/san-andres-dinicuiti.org\/wp-content\/uploads\/2025\/03\/transparecia-logo-1536x273.png 1536w, https:\/\/san-andres-dinicuiti.org\/wp-content\/uploads\/2025\/03\/transparecia-logo-2048x365.png 2048w\" sizes=\"auto, (max-width: 1024px) 100vw, 1024px\" \/><\/a><\/figure>\n\n\n\n<p><\/p>\n","protected":false},"excerpt":{"rendered":"<p>La Ley de Transparencia, Acceso a la Informaci\u00f3n P\u00fablica y Rendici\u00f3n de Cuentas de la Ciudad de M\u00e9xico, determina que toda la informaci\u00f3n generada, obtenida, adquirida, transformada o en posesi\u00f3n de los Sujetos Obligados es p\u00fablica y ser\u00e1 accesible a cualquier persona. Este sitio, hace part\u00edcipes a las ciudadanas y los ciudadanos a ejercer su [&hellip;]<\/p>\n","protected":false},"author":1,"featured_media":0,"parent":0,"menu_order":0,"comment_status":"closed","ping_status":"closed","template":"","meta":{"_gspb_post_css":"","footnotes":""},"class_list":["post-2","page","type-page","status-publish","hentry"],"blocksy_meta":{"page_structure_type":"type-1","styles_descriptor":{"styles":{"desktop":"","tablet":"","mobile":""},"google_fonts":[],"version":6}},"_links":{"self":[{"href":"https:\/\/san-andres-dinicuiti.org\/hello-world\/wp-json\/wp\/v2\/pages\/2","targetHints":{"allow":["GET"]}}],"collection":[{"href":"https:\/\/san-andres-dinicuiti.org\/hello-world\/wp-json\/wp\/v2\/pages"}],"about":[{"href":"https:\/\/san-andres-dinicuiti.org\/hello-world\/wp-json\/wp\/v2\/types\/page"}],"author":[{"embeddable":true,"href":"https:\/\/san-andres-dinicuiti.org\/hello-world\/wp-json\/wp\/v2\/users\/1"}],"replies":[{"embeddable":true,"href":"https:\/\/san-andres-dinicuiti.org\/hello-world\/wp-json\/wp\/v2\/comments?post=2"}],"version-history":[{"count":9,"href":"https:\/\/san-andres-dinicuiti.org\/hello-world\/wp-json\/wp\/v2\/pages\/2\/revisions"}],"predecessor-version":[{"id":3333,"href":"https:\/\/san-andres-dinicuiti.org\/hello-world\/wp-json\/wp\/v2\/pages\/2\/revisions\/3333"}],"wp:attachment":[{"href":"https:\/\/san-andres-dinicuiti.org\/hello-world\/wp-json\/wp\/v2\/media?parent=2"}],"curies":[{"name":"wp","href":"https:\/\/api.w.org\/{rel}","templated":true}]}}