{"id":2658,"date":"2020-01-28T13:20:23","date_gmt":"2020-01-28T13:20:23","guid":{"rendered":"https:\/\/startersites.io\/blocksy\/blog\/?page_id=2658"},"modified":"2026-03-15T17:15:57","modified_gmt":"2026-03-15T23:15:57","slug":"gaceta-municipal","status":"publish","type":"page","link":"https:\/\/san-andres-dinicuiti.org\/hello-world\/gaceta-municipal\/","title":{"rendered":"GACETA MUNICIPAL"},"content":{"rendered":"\n<p>La Gaceta Municipal es el \u00f3rgano Oficial de publicaci\u00f3n y difusi\u00f3n del Municipio de San Andr\u00e9s Dinicuiti, Huajuapan, Oaxaca  de car\u00e1cter permanente, cuya funci\u00f3n consiste en dar publicidad a las disposiciones que se encuentran especificadas en este propio ordenamiento y en la normatividad correspondiente, a fin de difundirlas entre la poblaci\u00f3n y que sean aplicadas y observadas debidamente.<\/p>\n\n\n\n<p>Funciones<\/p>\n\n\n\n<ul class=\"wp-block-list\">\n<li>Dar publicidad a las disposiciones del ordenamiento municipal y de la normatividad correspondiente.<\/li>\n\n\n\n<li>Publicar leyes, decretos, reglamentos, acuerdos, circulares, convocatorias de licitaci\u00f3n, avisos de fallo, resoluciones, entre otros&nbsp;.<\/li>\n<\/ul>\n\n\n\n<figure class=\"wp-block-table alignfull is-style-regular\" style=\"margin-top:0;margin-bottom:0;font-size:clamp(14px, 0.875rem + ((1vw - 3.2px) * 0.156), 16px);\"><table class=\"has-palette-color-6-color has-palette-color-1-background-color has-text-color has-background has-link-color\" style=\"border-width:7px\"><thead><tr><th class=\"has-text-align-center\" data-align=\"center\"><strong><span style=\"color: #ffffff;\" class=\"stk-highlight\">FECHA<\/span><\/strong><\/th><th class=\"has-text-align-left\" data-align=\"left\">                                     <strong>EJERCICIO 2025<\/strong><\/th><th class=\"has-text-align-center\" data-align=\"center\"><strong>DESCARGA<\/strong><\/th><\/tr><\/thead><tbody><tr><td class=\"has-text-align-center\" data-align=\"center\"><strong>26\/03\/2025<\/strong><\/td><td class=\"has-text-align-left\" data-align=\"left\"><strong>BANDO DE POLICIA Y GOBIERNO H. AYUNTAMIENTO DE SAN ANDRES DINICUITI, HUAJUAPAN, OAX. PERIODO 2025-2027<\/strong><\/td><td class=\"has-text-align-center\" data-align=\"center\"><div class=\"sdm_download_button_box_default\"><div class=\"sdm_download_link\"><a href=\"https:\/\/san-andres-dinicuiti.org\/hello-world\/?sdm_process_download=1&download_id=3459\" class=\"sdm_download teal\" title=\"BANDO DE POLICIA Y GOBIERNO DEL MUNICIPIO DE SAN ANDRES DINICUITI 2025-2027\" target=&quot;_blank&quot;>DESCARGA<\/a><\/div><\/div><\/td><\/tr><tr><td class=\"has-text-align-center\" data-align=\"center\"><strong>12\/05\/2025<\/strong><\/td><td class=\"has-text-align-left\" data-align=\"left\"><strong>CEDULA PADRON DE CONTRATISTAS 2025<\/strong><\/td><td class=\"has-text-align-center\" data-align=\"center\"><div class=\"sdm_download_button_box_default\"><div class=\"sdm_download_link\"><a href=\"https:\/\/san-andres-dinicuiti.org\/hello-world\/?sdm_process_download=1&download_id=3591\" class=\"sdm_download teal\" title=\"\" target=&quot;_blank&quot;>DESCARGA<\/a><\/div><\/div><\/td><\/tr><tr><td class=\"has-text-align-center\" data-align=\"center\"><strong>29\/11\/2025<\/strong><\/td><td class=\"has-text-align-left\" data-align=\"left\"><strong>PADRON DE CONTRATISTAS 2025<\/strong><\/td><td class=\"has-text-align-center\" data-align=\"center\"><div class=\"sdm_download_button_box_default\"><div class=\"sdm_download_link\"><a href=\"https:\/\/san-andres-dinicuiti.org\/hello-world\/?sdm_process_download=1&download_id=3740\" class=\"sdm_download teal\" title=\"PADRON DE CONTRATISTAS 2025\" target=&quot;_blank&quot;>DESCARGA<\/a><\/div><\/div><\/td><\/tr><\/tbody><\/table><\/figure>\n\n\n\n<hr class=\"wp-block-separator has-alpha-channel-opacity\"\/>\n\n\n\n<p><\/p>\n\n\n\n<div class=\"wp-block-stackable-columns stk-block-columns stk-block stk-f494e9a\" data-block-id=\"f494e9a\"><div class=\"stk-row stk-inner-blocks stk-block-content stk-content-align stk-f494e9a-column\">\n<div class=\"wp-block-stackable-column stk-block-column stk-column stk-block stk-fd1bb93\" data-v=\"4\" data-block-id=\"fd1bb93\"><div class=\"stk-column-wrapper stk-block-column__content stk-container stk-fd1bb93-container stk--no-background stk--no-padding\"><div class=\"stk-block-content stk-inner-blocks stk-fd1bb93-inner-blocks\">\n<figure class=\"wp-block-table alignfull is-style-regular\" style=\"margin-top:0;margin-bottom:0;font-size:clamp(14px, 0.875rem + ((1vw - 3.2px) * 0.156), 16px);\"><table class=\"has-palette-color-6-color has-palette-color-1-background-color has-text-color has-background has-link-color\" style=\"border-width:7px\"><thead><tr><th class=\"has-text-align-center\" data-align=\"center\"><strong><span style=\"color: #ffffff;\" class=\"stk-highlight\">FECHA<\/span><\/strong><\/th><th class=\"has-text-align-left\" data-align=\"left\"><strong>EJERCICIO 202<\/strong>6<\/th><th class=\"has-text-align-center\" data-align=\"center\"><strong>DESCARGA<\/strong><\/th><\/tr><\/thead><tbody><tr><td class=\"has-text-align-center\" data-align=\"center\"><strong>13\/03\/2026<\/strong><\/td><td class=\"has-text-align-left\" data-align=\"left\"><strong><strong>CEDULA PADRON DE CONTRATISTAS 202<\/strong><\/strong>6<\/td><td class=\"has-text-align-center\" data-align=\"center\"><div class=\"sdm_download_button_box_default\"><div class=\"sdm_download_link\"><a href=\"https:\/\/san-andres-dinicuiti.org\/hello-world\/?sdm_process_download=1&download_id=3769\" class=\"sdm_download teal\" title=\"CEDULA PADRON DE CONTRATISTAS 2026\" target=&quot;_blank&quot;>DESCARGA<\/a><\/div><\/div><\/td><\/tr><tr><td class=\"has-text-align-center\" data-align=\"center\"><\/td><td class=\"has-text-align-left\" data-align=\"left\"><\/td><td class=\"has-text-align-center\" data-align=\"center\"><\/td><\/tr><tr><td class=\"has-text-align-center\" data-align=\"center\"><\/td><td class=\"has-text-align-left\" data-align=\"left\"><\/td><td class=\"has-text-align-center\" data-align=\"center\"><\/td><\/tr><\/tbody><\/table><\/figure>\n<\/div><\/div><\/div>\n<\/div><\/div>\n\n\n\n<p><\/p>\n","protected":false},"excerpt":{"rendered":"<p>La Gaceta Municipal es el \u00f3rgano Oficial de publicaci\u00f3n y difusi\u00f3n del Municipio de San Andr\u00e9s Dinicuiti, Huajuapan, Oaxaca de car\u00e1cter permanente, cuya funci\u00f3n consiste en dar publicidad a las disposiciones que se encuentran especificadas en este propio ordenamiento y en la normatividad correspondiente, a fin de difundirlas entre la poblaci\u00f3n y que sean aplicadas [&hellip;]<\/p>\n","protected":false},"author":1,"featured_media":0,"parent":0,"menu_order":0,"comment_status":"closed","ping_status":"closed","template":"","meta":{"_gspb_post_css":"","footnotes":""},"class_list":["post-2658","page","type-page","status-publish","hentry"],"blocksy_meta":{"page_title_panel":"","has_hero_section":"default","d5bdd479f8ee92130a8a551342796d84":"","hero_section":"type-1","hero_alignment1":"left","hero_alignment2":"center","hero_height":"230px","page_title_bg_type":"color","custom_hero_background":{"attachment_id":null},"parallax":{"desktop":false,"tablet":false,"mobile":false},"9dbce9d8fb8d98ca76125bf037628cfd":"","single_meta_elements":{"author":false,"date":false,"categories":false,"comments":false,"updated":false,"tags":false},"has_meta_label":"yes","has_meta_avatar":"yes","date_format_source":"custom","single_meta_date_format":"M j, Y","25382f93dbb058e09fc2cb064ce34f76":"","page_excerpt_visibility":{"desktop":true,"tablet":true,"mobile":false},"pageTitleFont":{"family":"Default","variation":"Default","size":{"desktop":"32px","tablet":"30px","mobile":"25px"},"line-height":"1.3","letter-spacing":"CT_CSS_SKIP_RULE","text-transform":"CT_CSS_SKIP_RULE","text-decoration":"CT_CSS_SKIP_RULE"},"pageTitleFontColor":{"default":{"color":"var(--theme-palette-color-4)"}},"pageMetaFont":{"family":"Default","variation":"n6","size":{"desktop":"12px","tablet":"12px","mobile":"12px"},"line-height":"1.3","letter-spacing":"CT_CSS_SKIP_RULE","text-transform":"uppercase","text-decoration":"CT_CSS_SKIP_RULE"},"pageMetaFontColor":{"default":{"color":"CT_CSS_SKIP_RULEDEFAULT"},"hover":{"color":"CT_CSS_SKIP_RULEDEFAULT"}},"pageExcerptFont":{"family":"Default","variation":"n5","size":"CT_CSS_SKIP_RULE","line-height":"CT_CSS_SKIP_RULE","letter-spacing":"CT_CSS_SKIP_RULE","text-transform":"CT_CSS_SKIP_RULE","text-decoration":"CT_CSS_SKIP_RULE"},"pageExcerptColor":{"default":{"color":"CT_CSS_SKIP_RULEDEFAULT"}},"pageTitleOverlay":{"default":{"color":"rgba(41, 51, 60, 0.2)"}},"pageTitleBackground":{"default":{"color":"#EDEFF2"}},"0f6f7abea9f26b2103895727e4bc5a79":"","page_structure_type":"type-1","page_enable_vertical_spacing":"yes","styles_descriptor":{"styles":{"desktop":"","tablet":"","mobile":""},"google_fonts":[],"version":6}},"_links":{"self":[{"href":"https:\/\/san-andres-dinicuiti.org\/hello-world\/wp-json\/wp\/v2\/pages\/2658","targetHints":{"allow":["GET"]}}],"collection":[{"href":"https:\/\/san-andres-dinicuiti.org\/hello-world\/wp-json\/wp\/v2\/pages"}],"about":[{"href":"https:\/\/san-andres-dinicuiti.org\/hello-world\/wp-json\/wp\/v2\/types\/page"}],"author":[{"embeddable":true,"href":"https:\/\/san-andres-dinicuiti.org\/hello-world\/wp-json\/wp\/v2\/users\/1"}],"replies":[{"embeddable":true,"href":"https:\/\/san-andres-dinicuiti.org\/hello-world\/wp-json\/wp\/v2\/comments?post=2658"}],"version-history":[{"count":41,"href":"https:\/\/san-andres-dinicuiti.org\/hello-world\/wp-json\/wp\/v2\/pages\/2658\/revisions"}],"predecessor-version":[{"id":3771,"href":"https:\/\/san-andres-dinicuiti.org\/hello-world\/wp-json\/wp\/v2\/pages\/2658\/revisions\/3771"}],"wp:attachment":[{"href":"https:\/\/san-andres-dinicuiti.org\/hello-world\/wp-json\/wp\/v2\/media?parent=2658"}],"curies":[{"name":"wp","href":"https:\/\/api.w.org\/{rel}","templated":true}]}}