{"id":3008,"date":"2020-03-20T15:00:01","date_gmt":"2020-03-20T15:00:01","guid":{"rendered":"https:\/\/startersites.io\/blocksy\/blog\/?page_id=3008"},"modified":"2025-06-10T16:14:30","modified_gmt":"2025-06-10T22:14:30","slug":"sesiones-de-cabildo","status":"publish","type":"page","link":"https:\/\/san-andres-dinicuiti.org\/hello-world\/sesiones-de-cabildo\/","title":{"rendered":"SESIONES DE CABILDO"},"content":{"rendered":"\n<p class=\"has-medium-font-size\"><strong>L<\/strong>as sesiones de cabildo son <strong>reuniones del Ayuntamiento en las que se discuten asuntos de inter\u00e9s para la comunidad.<\/strong> El cabildo es un organismo de gobierno que se caracteriza por ser colegiado.<\/p>\n\n\n\n<p class=\"has-large-font-size\"><strong>Caracter\u00edsticas de las sesiones de cabildo<\/strong><\/p>\n\n\n\n<ul class=\"wp-block-list\">\n<li>En las sesiones abiertas, los habitantes pueden participar con derecho a voz, pero sin voto.&nbsp;<\/li>\n\n\n\n<li>Los cabildos pueden ser ordinarios, extraordinarios y abiertos.&nbsp;<\/li>\n\n\n\n<li>Los cabildos ordinarios se llevan a cabo en d\u00edas fijos.&nbsp;<\/li>\n\n\n\n<li>Los cabildos extraordinarios se realizan por motivos especiales.&nbsp;<\/li>\n\n\n\n<li>Los cabildos abiertos se re\u00fanen con la colaboraci\u00f3n del pueblo para tratar asuntos graves.&nbsp;<\/li>\n<\/ul>\n\n\n\n<p class=\"has-large-font-size\"><strong>Funci\u00f3n del cabildo<\/strong><\/p>\n\n\n\n<p>El cabildo es la m\u00e1xima autoridad en el municipio.&nbsp;Su funci\u00f3n es canalizar las demandas de los ciudadanos, grupos sociales y expresiones pol\u00edticas que confluyen en un municipio determinado.&nbsp;<\/p>\n\n\n\n<p class=\"has-large-font-size\"><strong>Composici\u00f3n del cabildo<\/strong><\/p>\n\n\n\n<p>El cabildo se integra por un Presidente, S\u00edndico y el n\u00famero de Regidores que se determinan conforme a la Ley.\u00a0<\/p>\n\n\n\n<figure class=\"wp-block-image aligncenter size-full is-resized\"><img loading=\"lazy\" decoding=\"async\" width=\"329\" height=\"301\" src=\"https:\/\/san-andres-dinicuiti.org\/wp-content\/uploads\/2025\/06\/MANTENIMIENTO.png\" alt=\"\" class=\"wp-image-3552\" style=\"width:393px;height:auto\" srcset=\"https:\/\/san-andres-dinicuiti.org\/wp-content\/uploads\/2025\/06\/MANTENIMIENTO.png 329w, https:\/\/san-andres-dinicuiti.org\/wp-content\/uploads\/2025\/06\/MANTENIMIENTO-300x274.png 300w\" sizes=\"auto, (max-width: 329px) 100vw, 329px\" \/><\/figure>\n","protected":false},"excerpt":{"rendered":"<p>Las sesiones de cabildo son reuniones del Ayuntamiento en las que se discuten asuntos de inter\u00e9s para la comunidad. El cabildo es un organismo de gobierno que se caracteriza por ser colegiado. Caracter\u00edsticas de las sesiones de cabildo Funci\u00f3n del cabildo El cabildo es la m\u00e1xima autoridad en el municipio.&nbsp;Su funci\u00f3n es canalizar las demandas [&hellip;]<\/p>\n","protected":false},"author":1,"featured_media":0,"parent":0,"menu_order":0,"comment_status":"closed","ping_status":"closed","template":"","meta":{"_gspb_post_css":"","footnotes":""},"class_list":["post-3008","page","type-page","status-publish","hentry"],"blocksy_meta":{"page_title_panel":"","has_hero_section":"default","ff1a24c6d7e9c455488fcb525c8c6de0":"","hero_section":"type-1","hero_alignment1":"left","hero_alignment2":"center","hero_height":"230px","page_title_bg_type":"color","custom_hero_background":{"attachment_id":null},"parallax":{"desktop":false,"tablet":false,"mobile":false},"e0e1bbd26548f4062d347dc7ac91bf73":"","single_meta_elements":{"author":false,"date":false,"categories":false,"comments":false,"updated":false,"tags":false},"has_meta_label":"yes","has_meta_avatar":"yes","date_format_source":"custom","single_meta_date_format":"M j, Y","72153156a6798f1ab54af9c0e27b6b79":"","page_excerpt_visibility":{"desktop":true,"tablet":true,"mobile":false},"pageTitleFont":{"family":"Default","variation":"Default","size":{"desktop":"32px","tablet":"30px","mobile":"25px"},"line-height":"1.3","letter-spacing":"CT_CSS_SKIP_RULE","text-transform":"CT_CSS_SKIP_RULE","text-decoration":"CT_CSS_SKIP_RULE"},"pageTitleFontColor":{"default":{"color":"CT_CSS_SKIP_RULEDEFAULT"}},"pageMetaFont":{"family":"Default","variation":"n6","size":{"desktop":"12px","tablet":"12px","mobile":"12px"},"line-height":"1.3","letter-spacing":"CT_CSS_SKIP_RULE","text-transform":"uppercase","text-decoration":"CT_CSS_SKIP_RULE"},"pageMetaFontColor":{"default":{"color":"CT_CSS_SKIP_RULEDEFAULT"},"hover":{"color":"CT_CSS_SKIP_RULEDEFAULT"}},"pageExcerptFont":{"family":"Default","variation":"n5","size":"CT_CSS_SKIP_RULE","line-height":"CT_CSS_SKIP_RULE","letter-spacing":"CT_CSS_SKIP_RULE","text-transform":"CT_CSS_SKIP_RULE","text-decoration":"CT_CSS_SKIP_RULE"},"pageExcerptColor":{"default":{"color":"CT_CSS_SKIP_RULEDEFAULT"}},"pageTitleOverlay":{"default":{"color":"rgba(41, 51, 60, 0.2)"}},"pageTitleBackground":{"default":{"color":"#EDEFF2"}},"ae06adb6d9d779b62e539354ff99a88b":"","page_structure_type":"type-1","page_enable_vertical_spacing":"yes","0454a6f075eb398c31bcd7bea15366f2":"","disable_featured_image":"no","styles_descriptor":{"styles":{"desktop":"","tablet":"","mobile":""},"google_fonts":[],"version":6}},"_links":{"self":[{"href":"https:\/\/san-andres-dinicuiti.org\/hello-world\/wp-json\/wp\/v2\/pages\/3008","targetHints":{"allow":["GET"]}}],"collection":[{"href":"https:\/\/san-andres-dinicuiti.org\/hello-world\/wp-json\/wp\/v2\/pages"}],"about":[{"href":"https:\/\/san-andres-dinicuiti.org\/hello-world\/wp-json\/wp\/v2\/types\/page"}],"author":[{"embeddable":true,"href":"https:\/\/san-andres-dinicuiti.org\/hello-world\/wp-json\/wp\/v2\/users\/1"}],"replies":[{"embeddable":true,"href":"https:\/\/san-andres-dinicuiti.org\/hello-world\/wp-json\/wp\/v2\/comments?post=3008"}],"version-history":[{"count":7,"href":"https:\/\/san-andres-dinicuiti.org\/hello-world\/wp-json\/wp\/v2\/pages\/3008\/revisions"}],"predecessor-version":[{"id":3553,"href":"https:\/\/san-andres-dinicuiti.org\/hello-world\/wp-json\/wp\/v2\/pages\/3008\/revisions\/3553"}],"wp:attachment":[{"href":"https:\/\/san-andres-dinicuiti.org\/hello-world\/wp-json\/wp\/v2\/media?parent=3008"}],"curies":[{"name":"wp","href":"https:\/\/api.w.org\/{rel}","templated":true}]}}