{"id":3162,"date":"2020-07-29T10:28:09","date_gmt":"2020-07-29T10:28:09","guid":{"rendered":"https:\/\/startersites.io\/blocksy\/blog\/?page_id=3162"},"modified":"2025-03-31T04:21:53","modified_gmt":"2025-03-31T10:21:53","slug":"contacto","status":"publish","type":"page","link":"https:\/\/san-andres-dinicuiti.org\/hello-world\/contacto\/","title":{"rendered":"Contacto"},"content":{"rendered":"\n<div class=\"wp-block-columns is-layout-flex wp-container-core-columns-is-layout-28f84493 wp-block-columns-is-layout-flex\">\n<div class=\"wp-block-column is-layout-flow wp-block-column-is-layout-flow\" style=\"flex-basis:66.66%\">\n<iframe src=\"https:\/\/www.google.com\/maps\/embed?pb=!1m18!1m12!1m3!1d3801.128419885134!2d-97.72966442623955!3d17.691392583248543!2m3!1f0!2f0!3f0!3m2!1i1024!2i768!4f13.1!3m3!1m2!1s0x85c61cc4497b4dd9%3A0xe932dccb5568f124!2sIndependencia%2C%2069064%20San%20Andr%C3%A9s%20Dinicuiti%2C%20Oax.!5e0!3m2!1ses!2smx!4v1741070153979!5m2!1ses!2smx\" width=\"800\" height=\"600\" style=\"border:0;\" allowfullscreen=\"\" loading=\"lazy\" referrerpolicy=\"no-referrer-when-downgrade\"><\/iframe>\n<\/div>\n\n\n\n<div class=\"wp-block-column is-layout-flow wp-block-column-is-layout-flow\" style=\"flex-basis:33.33%\">\n<h4 class=\"wp-block-heading\" id=\"contactanos\">Cont\u00e1ctanos <\/h4>\n\n\n\n<p><strong>&#8220;Tu opini\u00f3n es importante para Nosotros. &#8220;<\/strong> Escr\u00edbenos tus  dudas, quejas o sugerencias<\/p>\n\n\n<div class=\"wpforms-container wpforms-block wpforms-block-8e7cabaf-d999-49d4-b1d4-9e616ffd1ff8 wpforms-render-modern\" id=\"wpforms-3161\"><form id=\"wpforms-form-3161\" class=\"wpforms-validate wpforms-form\" data-formid=\"3161\" method=\"post\" enctype=\"multipart\/form-data\" action=\"\/hello-world\/wp-json\/wp\/v2\/pages\/3162\" data-token=\"bd20e5b760a8ed5fc2c83e0568b3b11d\" data-token-time=\"1777632856\"><noscript class=\"wpforms-error-noscript\">Por favor, activa JavaScript en tu navegador para completar este formulario.<\/noscript><div id=\"wpforms-error-noscript\" style=\"display: none;\">Por favor, activa JavaScript en tu navegador para completar este formulario.<\/div><div class=\"wpforms-field-container\"><div id=\"wpforms-3161-field_0-container\" class=\"wpforms-field wpforms-field-name\" data-field-id=\"0\"><fieldset><legend class=\"wpforms-field-label\">Nombre Completo <span class=\"wpforms-required-label\" aria-hidden=\"true\">*<\/span><\/legend><div class=\"wpforms-field-row wpforms-field-large\"><div class=\"wpforms-field-row-block wpforms-first wpforms-one-half\"><input type=\"text\" id=\"wpforms-3161-field_0\" class=\"wpforms-field-name-first wpforms-field-required\" name=\"wpforms[fields][0][first]\" aria-errormessage=\"wpforms-3161-field_0-error\" required><label for=\"wpforms-3161-field_0\" class=\"wpforms-field-sublabel after\">Nombre<\/label><\/div><div class=\"wpforms-field-row-block wpforms-one-half\"><input type=\"text\" id=\"wpforms-3161-field_0-last\" class=\"wpforms-field-name-last wpforms-field-required\" name=\"wpforms[fields][0][last]\" aria-errormessage=\"wpforms-3161-field_0-last-error\" required><label for=\"wpforms-3161-field_0-last\" class=\"wpforms-field-sublabel after\">Apellidos<\/label><\/div><\/div><\/fieldset><\/div><div id=\"wpforms-3161-field_1-container\" class=\"wpforms-field wpforms-field-email\" data-field-id=\"1\"><label class=\"wpforms-field-label\" for=\"wpforms-3161-field_1\">Correo Electr\u00f3nico (email) <span class=\"wpforms-required-label\" aria-hidden=\"true\">*<\/span><\/label><input type=\"email\" id=\"wpforms-3161-field_1\" class=\"wpforms-field-large wpforms-field-required\" name=\"wpforms[fields][1]\" spellcheck=\"false\" aria-errormessage=\"wpforms-3161-field_1-error\" required><\/div><div id=\"wpforms-3161-field_3-container\" class=\"wpforms-field wpforms-field-text\" data-field-id=\"3\"><label class=\"wpforms-field-label\" for=\"wpforms-3161-field_3\">Asunto <span class=\"wpforms-required-label\" aria-hidden=\"true\">*<\/span><\/label><input type=\"text\" id=\"wpforms-3161-field_3\" class=\"wpforms-field-large wpforms-field-required\" name=\"wpforms[fields][3]\" aria-errormessage=\"wpforms-3161-field_3-error\" required><\/div><div id=\"wpforms-3161-field_2-container\" class=\"wpforms-field wpforms-field-textarea\" data-field-id=\"2\"><label class=\"wpforms-field-label\" for=\"wpforms-3161-field_2\">Comentarios <span class=\"wpforms-required-label\" aria-hidden=\"true\">*<\/span><\/label><textarea id=\"wpforms-3161-field_2\" class=\"wpforms-field-medium wpforms-field-required\" name=\"wpforms[fields][2]\" aria-errormessage=\"wpforms-3161-field_2-error\" aria-describedby=\"wpforms-3161-field_2-description\" required><\/textarea><div id=\"wpforms-3161-field_2-description\" class=\"wpforms-field-description\">Escr\u00edbenos todas tus dudas quejas o sugerencias<\/div><\/div><\/div><!-- .wpforms-field-container --><div class=\"wpforms-field wpforms-field-hp\"><label for=\"wpforms-3161-field-hp\" class=\"wpforms-field-label\">Comment<\/label><input type=\"text\" name=\"wpforms[hp]\" id=\"wpforms-3161-field-hp\" class=\"wpforms-field-medium\"><\/div><div class=\"wpforms-submit-container\" ><input type=\"hidden\" name=\"wpforms[id]\" value=\"3161\"><input type=\"hidden\" name=\"page_title\" value=\"\"><input type=\"hidden\" name=\"page_url\" value=\"https:\/\/san-andres-dinicuiti.org\/hello-world\/wp-json\/wp\/v2\/pages\/3162\"><input type=\"hidden\" name=\"url_referer\" value=\"\"><button type=\"submit\" name=\"wpforms[submit]\" id=\"wpforms-submit-3161\" class=\"wpforms-submit\" data-alt-text=\"Enviando espere por favor...\" data-submit-text=\"Enviar\" aria-live=\"assertive\" value=\"wpforms-submit\">Enviar<\/button><\/div><\/form><\/div>  <!-- .wpforms-container --><\/div>\n<\/div>\n\n\n\n<div class=\"wp-block-stackable-feature-grid stk-block-feature-grid stk-block-columns stk-block stk-b651c70 is-style-default\" data-block-id=\"b651c70\"><style>.stk-b651c70 {margin-bottom:130px !important;}.stk-b651c70-column{--stk-columns-spacing:0px !important;--stk-column-gap:35px !important;row-gap:35px !important;}@media screen and (max-width:999px){.stk-b651c70 {margin-bottom:80px !important;}}@media screen and (max-width:689px){.stk-b651c70 {margin-bottom:35px !important;}}<\/style><div class=\"stk-row stk-inner-blocks has-text-align-center stk-block-content stk-content-align stk-b651c70-column\">\n<div class=\"wp-block-stackable-column stk-block-column stk-column stk-block stk-cdb8990\" data-v=\"4\" data-block-id=\"cdb8990\"><style>.stk-cdb8990-container{margin-top:0px !important;margin-right:0px !important;margin-bottom:0px !important;margin-left:0px !important;background-color:#f8f9fb !important;border-top-left-radius:12px !important;border-top-right-radius:12px !important;border-bottom-right-radius:12px !important;border-bottom-left-radius:12px !important;overflow:hidden !important;box-shadow:none !important;padding-top:60px !important;padding-right:35px !important;padding-bottom:60px !important;padding-left:35px !important;}.stk-cdb8990-container:before{background-color:#f8f9fb !important;}<\/style><div class=\"stk-column-wrapper stk-block-column__content stk-container stk-cdb8990-container stk-hover-parent\"><div class=\"stk-block-content stk-inner-blocks stk-cdb8990-inner-blocks\">\n<div class=\"wp-block-stackable-image stk-block-image stk-block stk-c60f1ee\" data-block-id=\"c60f1ee\"><style>.stk-c60f1ee .stk-img-wrapper{width:70px !important;}<\/style><figure><span class=\"stk-img-wrapper stk-image--shape-stretch\"><img loading=\"lazy\" decoding=\"async\" class=\"stk-img wp-image-3169\" src=\"https:\/\/san-andres-dinicuiti.org\/wp-content\/uploads\/2020\/07\/icon4.svg\" width=\"70\" height=\"300\"\/><\/span><\/figure><\/div>\n\n\n\n<div class=\"wp-block-stackable-heading stk-block-heading stk-block-heading--v2 stk-block stk-92f3edf\" id=\"direccion\" data-block-id=\"92f3edf\"><style>.stk-92f3edf {margin-bottom:16px !important;}<\/style><h5 class=\"stk-block-heading__text\">DIRECCION<\/h5><\/div>\n\n\n\n<div class=\"wp-block-stackable-text stk-block-text stk-block stk-e3907c6\" data-block-id=\"e3907c6\"><p class=\"stk-block-text__text\">Calle Independencia S\/N, San Andr\u00e9s Dinicuiti, distrito de Huajuapan, Oax.<\/p><\/div>\n<\/div><\/div><\/div>\n\n\n\n<div class=\"wp-block-stackable-column stk-block-column stk-column stk-block stk-e4959f3\" data-v=\"4\" data-block-id=\"e4959f3\"><style>.stk-e4959f3-container{margin-top:0px !important;margin-right:0px !important;margin-bottom:0px !important;margin-left:0px !important;background-color:#f8f9fb !important;border-top-left-radius:12px !important;border-top-right-radius:12px !important;border-bottom-right-radius:12px !important;border-bottom-left-radius:12px !important;overflow:hidden !important;box-shadow:none !important;padding-top:60px !important;padding-right:35px !important;padding-bottom:60px !important;padding-left:35px !important;}.stk-e4959f3-container:before{background-color:#f8f9fb !important;}<\/style><div class=\"stk-column-wrapper stk-block-column__content stk-container stk-e4959f3-container stk-hover-parent\"><div class=\"stk-block-content stk-inner-blocks stk-e4959f3-inner-blocks\">\n<div class=\"wp-block-stackable-image stk-block-image stk-block stk-91919b5\" data-block-id=\"91919b5\"><style>.stk-91919b5 .stk-img-wrapper{width:70px !important;}<\/style><figure><span class=\"stk-img-wrapper stk-image--shape-stretch\"><img loading=\"lazy\" decoding=\"async\" class=\"stk-img wp-image-3167\" src=\"https:\/\/san-andres-dinicuiti.org\/wp-content\/uploads\/2020\/07\/icon6.svg\" width=\"70\" height=\"300\"\/><\/span><\/figure><\/div>\n\n\n\n<div class=\"wp-block-stackable-heading stk-block-heading stk-block-heading--v2 stk-block stk-69d1753\" id=\"telefonos\" data-block-id=\"69d1753\"><style>.stk-69d1753 {margin-bottom:16px !important;}<\/style><h5 class=\"stk-block-heading__text\">Tel\u00e9fonos <\/h5><\/div>\n\n\n\n<div class=\"wp-block-stackable-text stk-block-text stk-block stk-4653d36\" data-block-id=\"4653d36\"><p class=\"stk-block-text__text\"><a href=\"tel:953-506-50-81\" target=\"_blank\" rel=\"noreferrer noopener\">953 506 50 81<\/a><br><\/p><\/div>\n<\/div><\/div><\/div>\n<\/div><\/div>\n\n\n","protected":false},"excerpt":{"rendered":"<p>Cont\u00e1ctanos &#8220;Tu opini\u00f3n es importante para Nosotros. &#8220; Escr\u00edbenos tus dudas, quejas o sugerencias DIRECCION Calle Independencia S\/N, San Andr\u00e9s Dinicuiti, distrito de Huajuapan, Oax. Tel\u00e9fonos 953 506 50 81<\/p>\n","protected":false},"author":1,"featured_media":0,"parent":0,"menu_order":0,"comment_status":"closed","ping_status":"closed","template":"","meta":{"_gspb_post_css":"","footnotes":""},"class_list":["post-3162","page","type-page","status-publish","hentry"],"blocksy_meta":{"page_title_panel":"","has_hero_section":"disabled","e7051b430ba01e5eec6ad0c583187860":"","hero_section":"type-1","hero_elements":[{"id":"custom_title","enabled":true,"heading_tag":"h1","title":"Home"},{"id":"custom_description","enabled":true,"description_visibility":{"desktop":true,"tablet":true,"mobile":false}},{"id":"custom_meta","enabled":false,"meta_elements":[{"id":"author","enabled":true,"label":"By","has_author_avatar":"yes","avatar_size":25},{"id":"post_date","enabled":true,"label":"On","date_format_source":"default","date_format":"M j, Y"},{"id":"comments","enabled":true}],"page_meta_elements":{"joined":true,"articles_count":true,"comments":true}},{"id":"breadcrumbs","enabled":false}],"7f5851bb794b68042bb93db2d22b8737":"","hero_alignment1":"left","hero_alignment2":"center","hero_vertical_alignment":"center","b550823cd3036ffb86c839c7926bd0eb":"","hero_structure":"narrow","fb781698d03fc8612f8616e24fab813a":"","page_title_bg_type":"featured_image","custom_hero_background":{"attachment_id":null},"parallax":{"desktop":false,"tablet":false,"mobile":false},"460bdca06e0e8f6233bb753ff609b92e":"","hero_height":"230px","pageTitleFont":{"family":"Default","variation":"Default","size":{"desktop":"32px","tablet":"30px","mobile":"25px"},"line-height":"1.3","letter-spacing":"CT_CSS_SKIP_RULE","text-transform":"CT_CSS_SKIP_RULE","text-decoration":"CT_CSS_SKIP_RULE"},"pageTitleFontColor":{"default":{"color":"CT_CSS_SKIP_RULEDEFAULT"}},"pageMetaFont":{"family":"Default","variation":"n6","size":{"desktop":"12px","tablet":"12px","mobile":"12px"},"line-height":"1.3","letter-spacing":"CT_CSS_SKIP_RULE","text-transform":"uppercase","text-decoration":"CT_CSS_SKIP_RULE"},"pageMetaFontColor":{"default":{"color":"CT_CSS_SKIP_RULEDEFAULT"},"hover":{"color":"CT_CSS_SKIP_RULEDEFAULT"}},"pageExcerptFont":{"family":"Default","variation":"n5","size":"CT_CSS_SKIP_RULE","line-height":"CT_CSS_SKIP_RULE","letter-spacing":"CT_CSS_SKIP_RULE","text-transform":"CT_CSS_SKIP_RULE","text-decoration":"CT_CSS_SKIP_RULE"},"pageExcerptColor":{"default":{"color":"CT_CSS_SKIP_RULEDEFAULT"}},"breadcrumbsFont":{"family":"Default","variation":"n6","size":"12px","line-height":"CT_CSS_SKIP_RULE","letter-spacing":"CT_CSS_SKIP_RULE","text-transform":"uppercase","text-decoration":"CT_CSS_SKIP_RULE"},"breadcrumbsFontColor":{"default":{"color":"CT_CSS_SKIP_RULEDEFAULT"},"initial":{"color":"CT_CSS_SKIP_RULEDEFAULT"},"hover":{"color":"CT_CSS_SKIP_RULEDEFAULT"}},"pageTitleOverlay":{"default":{"color":"rgba(41, 51, 60, 0.2)"}},"pageTitleBackground":{"background_type":"color","background_pattern":"type-1","background_image":{"attachment_id":null,"x":0,"y":0},"background_repeat":"no-repeat","background_size":"auto","background_attachment":"scroll","patternColor":{"default":{"color":"#e5e7ea"}},"backgroundColor":{"default":{"color":"#EDEFF2"}}},"03c0feb20c7e1efc05c317b700e50f59":"","page_structure_type":"default","content_style":"inherit","vertical_spacing_source":"custom","content_area_spacing":"bottom","background":{"background_type":"color","background_pattern":"type-1","background_image":{"attachment_id":null,"x":0,"y":0},"background_repeat":"no-repeat","background_size":"auto","background_attachment":"scroll","patternColor":{"default":{"color":"#e5e7ea"}},"backgroundColor":{"default":{"color":"CT_CSS_SKIP_RULE"}}},"content_background":{"background_type":"color","background_pattern":"type-1","background_image":{"attachment_id":null,"x":0,"y":0},"background_repeat":"no-repeat","background_size":"auto","background_attachment":"scroll","patternColor":{"default":{"color":"#e5e7ea"}},"backgroundColor":{"default":{"color":"#ffffff"}}},"content_boxed_spacing":{"desktop":"40px","tablet":"35px","mobile":"20px"},"content_boxed_radius":{"top":"3px","bottom":"3px","left":"3px","right":"3px","linked":true},"content_boxed_shadow":{"blur":18,"spread":-6,"v_offset":12,"h_offset":0,"inset":false,"enable":true,"color":{"color":"rgba(34, 56, 101, 0.04)"}},"7b34bc4a52487138bda5e8bab7c494b1":"","disable_featured_image":"no","disable_header":"no","disable_footer":"no","styles_descriptor":{"styles":{"desktop":"","tablet":"","mobile":""},"google_fonts":[],"version":6}},"_links":{"self":[{"href":"https:\/\/san-andres-dinicuiti.org\/hello-world\/wp-json\/wp\/v2\/pages\/3162","targetHints":{"allow":["GET"]}}],"collection":[{"href":"https:\/\/san-andres-dinicuiti.org\/hello-world\/wp-json\/wp\/v2\/pages"}],"about":[{"href":"https:\/\/san-andres-dinicuiti.org\/hello-world\/wp-json\/wp\/v2\/types\/page"}],"author":[{"embeddable":true,"href":"https:\/\/san-andres-dinicuiti.org\/hello-world\/wp-json\/wp\/v2\/users\/1"}],"replies":[{"embeddable":true,"href":"https:\/\/san-andres-dinicuiti.org\/hello-world\/wp-json\/wp\/v2\/comments?post=3162"}],"version-history":[{"count":6,"href":"https:\/\/san-andres-dinicuiti.org\/hello-world\/wp-json\/wp\/v2\/pages\/3162\/revisions"}],"predecessor-version":[{"id":3458,"href":"https:\/\/san-andres-dinicuiti.org\/hello-world\/wp-json\/wp\/v2\/pages\/3162\/revisions\/3458"}],"wp:attachment":[{"href":"https:\/\/san-andres-dinicuiti.org\/hello-world\/wp-json\/wp\/v2\/media?parent=3162"}],"curies":[{"name":"wp","href":"https:\/\/api.w.org\/{rel}","templated":true}]}}